{"id":9,"date":"2020-06-05T13:06:40","date_gmt":"2020-06-05T10:06:40","guid":{"rendered":"http:\/\/localhost\/cewoodfi\/?page_id=9"},"modified":"2024-02-29T12:22:59","modified_gmt":"2024-02-29T10:22:59","slug":"akustiikkalevyt","status":"publish","type":"page","link":"https:\/\/www.cewood.fi\/ammattilaisille\/akustiikkalevyt\/","title":{"rendered":"Cewood akustiikkalevyt"},"content":{"rendered":"<h1>akustoi \u00e4\u00e4nt\u00e4 ja sisusta sis\u00e4tiloissa, ekologisesti ja turvallisesti<\/h1>\n<p>S\u00e4rkeek\u00f6 melu korvia ja p\u00e4\u00e4ns\u00e4rky vaivaa ty\u00f6p\u00e4iv\u00e4n j\u00e4lkeen? Aiheuttaako melu keskittymisvaikeuksia, esimerkiksi yhteistoimistossa tai koulussa? Tuntuuko sinusta, ett\u00e4 elimist\u00f6si on jatkuvassa stressitilassa ty\u00f6paikalla kaikuvan melun vuoksi?<\/p>\n<p>&nbsp;<\/p>\n<h2>Melu aiheuttaa terveyshaittoja sek\u00e4 ty\u00f6ss\u00e4, ett\u00e4 elinymp\u00e4rist\u00f6ss\u00e4<\/h2>\n<p>\u00c4\u00e4niaallot kimpoilevat sis\u00e4tiloissa kovista pinnoista toiseen aiheuttaen ep\u00e4miellytt\u00e4v\u00e4\u00e4 kaiuntaa, sek\u00e4 hallitsematonta melua. Isoissa tiloissa, kuten p\u00e4iv\u00e4kodeissa, kouluissa, ravintoloissa, teollisuushalleissa, urheilutiloissa, uimahalleissa, kylpyl\u00f6iss\u00e4 tai vaikkapa yrityksen yhteistoimistoissa melu on usein isokin ongelma, joka aiheuttaa my\u00f6s terveyshaittoja.<\/p>\n<p>My\u00f6s esimerkiksi tielt\u00e4 kuuluvat \u00e4\u00e4net voivat haitata el\u00e4m\u00e4\u00e4.<\/p>\n<p>Koska jatkuva kova melu on tutkitusti h\u00e4iritsev\u00e4\u00e4 ja aiheuttaa terveyshaittoja, kuten unenlaadun heikkenemist\u00e4, keskittymisvaikeuksia ja stressi\u00e4, on hyv\u00e4 pyrki\u00e4 pienent\u00e4m\u00e4\u00e4n melusta aiheutuvia haittoja niin sis\u00e4- kuin ulkotiloissakin, esimerkiksi akustiikkalevyjen avulla.<\/p>\n<h2>V\u00e4henn\u00e4 melua ja sisusta ekologisilla CEWOOD-akustiikkalevyill\u00e4 sis\u00e4tiloissa<\/h2>\n<p>Kun v\u00e4henn\u00e4t melua CEWOOD:in akustiikkalevyill\u00e4, lis\u00e4\u00e4t omaa ja l\u00e4heistesi hyvinvointia.<\/p>\n<p>CEWOOD akustiikkalevyt ovat M1 luokiteltuja eli v\u00e4h\u00e4p\u00e4\u00e4st\u00f6isi\u00e4 materiaaleja, joka tarkoittaa my\u00f6s puhdasta sis\u00e4ilmaa.<\/p>\n<p>Akustiikkalevyill\u00e4mme voit luoda akustiikan lis\u00e4ksi my\u00f6s uudenlaisen ilmeen tilan sein\u00e4- ja kattopinnoille, valitsemalla tilaan sopivan<\/p>\n<ul>\n<li>puukuitukoon,<\/li>\n<li>sementin v\u00e4rin (valkoinen tai harmaa),<\/li>\n<li>paloluokan,<\/li>\n<li>v\u00e4rin joko perusv\u00e4reist\u00e4mme tai jonkin RAL tai NCS v\u00e4rikartan v\u00e4ri,<\/li>\n<li>kiinnitystavan,<\/li>\n<li>akustiikkalevyn koon ja paksuuden,<\/li>\n<li>levypinnan<span style=\"color: #000000;\"> (<a style=\"color: #000000;\" href=\"https:\/\/www.cewood.fi\/ammattilaisille\/barcode\/\">Barcode<\/a> ja <a style=\"color: #000000;\" href=\"https:\/\/www.cewood.fi\/ammattilaisille\/milled\/\">Milled<\/a> akustiikkalevyt),<\/span><\/li>\n<li><span style=\"color: #000000;\">muodon (<a style=\"color: #000000;\" href=\"https:\/\/www.cewood.fi\/ammattilaisille\/design\/\">Design akustiikkalevyt<\/a>).<\/span><\/li>\n<\/ul>\n<p><span style=\"color: #000000;\">Lis\u00e4ksi kannattaa suunnitelmissa huomioida erityisesti toimisto-, kokous- ja k\u00e4yt\u00e4v\u00e4tiloihin soveltuvat <a style=\"color: #000000;\" href=\"https:\/\/www.cewood.fi\/ammattilaisille\/baffle\/\">Baffle riippupaneelit<\/a>.<\/span><\/p>\n<p><span style=\"color: #000000;\"><a style=\"color: #000000;\" href=\"https:\/\/drive.google.com\/file\/d\/1mWfheZViP8uENLEs354xDPQEpSsMpurt\/view?usp=drive_link\" target=\"_blank\" rel=\"noopener\">Lataa Cewood esite<\/a><\/span><\/p>\n<p><span style=\"color: #000000;\"><a style=\"color: #000000;\" href=\"https:\/\/drive.google.com\/file\/d\/1_f2WWAsXggiDYUYeBkx6tRX_vXvpXY5s\/view?usp=drive_link\" target=\"_blank\" rel=\"noopener\">Lataa tulostettava versio<\/a><\/span><\/p>\n","protected":false},"excerpt":{"rendered":"<p>akustoi \u00e4\u00e4nt\u00e4 ja sisusta sis\u00e4tiloissa, ekologisesti ja turvallisesti S\u00e4rkeek\u00f6 melu korvia ja p\u00e4\u00e4ns\u00e4rky vaivaa ty\u00f6p\u00e4iv\u00e4n j\u00e4lkeen? Aiheuttaako melu keskittymisvaikeuksia, esimerkiksi yhteistoimistossa tai koulussa? Tuntuuko sinusta, ett\u00e4 elimist\u00f6si on jatkuvassa stressitilassa ty\u00f6paikalla kaikuvan melun vuoksi? &nbsp; Melu aiheuttaa terveyshaittoja sek\u00e4 ty\u00f6ss\u00e4, ett\u00e4 elinymp\u00e4rist\u00f6ss\u00e4 \u00c4\u00e4niaallot kimpoilevat sis\u00e4tiloissa kovista pinnoista toiseen aiheuttaen ep\u00e4miellytt\u00e4v\u00e4\u00e4 kaiuntaa, sek\u00e4 hallitsematonta melua. Isoissa&#8230;<\/p>\n","protected":false},"author":1,"featured_media":0,"parent":0,"menu_order":10,"comment_status":"closed","ping_status":"closed","template":"page-templates\/columns_one.php","meta":{"_monsterinsights_skip_tracking":false,"_monsterinsights_sitenote_active":false,"_monsterinsights_sitenote_note":"","_monsterinsights_sitenote_category":0,"footnotes":""},"aioseo_notices":[],"_links":{"self":[{"href":"https:\/\/www.cewood.fi\/ammattilaisille\/wp-json\/wp\/v2\/pages\/9"}],"collection":[{"href":"https:\/\/www.cewood.fi\/ammattilaisille\/wp-json\/wp\/v2\/pages"}],"about":[{"href":"https:\/\/www.cewood.fi\/ammattilaisille\/wp-json\/wp\/v2\/types\/page"}],"author":[{"embeddable":true,"href":"https:\/\/www.cewood.fi\/ammattilaisille\/wp-json\/wp\/v2\/users\/1"}],"replies":[{"embeddable":true,"href":"https:\/\/www.cewood.fi\/ammattilaisille\/wp-json\/wp\/v2\/comments?post=9"}],"version-history":[{"count":3,"href":"https:\/\/www.cewood.fi\/ammattilaisille\/wp-json\/wp\/v2\/pages\/9\/revisions"}],"predecessor-version":[{"id":1227,"href":"https:\/\/www.cewood.fi\/ammattilaisille\/wp-json\/wp\/v2\/pages\/9\/revisions\/1227"}],"wp:attachment":[{"href":"https:\/\/www.cewood.fi\/ammattilaisille\/wp-json\/wp\/v2\/media?parent=9"}],"curies":[{"name":"wp","href":"https:\/\/api.w.org\/{rel}","templated":true}]}}